{"id":1778,"date":"2024-12-23T14:52:04","date_gmt":"2024-12-23T14:52:04","guid":{"rendered":"https:\/\/chaville-domiciliation.com\/?page_id=1778"},"modified":"2024-12-23T14:53:03","modified_gmt":"2024-12-23T14:53:03","slug":"faq-copy","status":"publish","type":"page","link":"https:\/\/chaville-domiciliation.com\/societe-de-domiciliation\/faq-copy\/","title":{"rendered":"Politique de confidentialit\u00e9"},"content":{"rendered":"\t\t<div data-elementor-type=\"wp-page\" data-elementor-id=\"1778\" class=\"elementor elementor-1778\">\n\t\t\t\t\t\t<section class=\"elementor-section elementor-top-section elementor-element elementor-element-16bb110 elementor-section-height-min-height elementor-section-boxed elementor-section-height-default elementor-section-items-middle wpr-particle-no wpr-jarallax-no wpr-parallax-no wpr-sticky-section-no\" data-id=\"16bb110\" data-element_type=\"section\" data-settings=\"{&quot;background_background&quot;:&quot;classic&quot;,&quot;shape_divider_bottom&quot;:&quot;opacity-tilt&quot;}\">\n\t\t\t\t\t\t\t<div class=\"elementor-background-overlay\"><\/div>\n\t\t\t\t\t\t<div class=\"elementor-shape elementor-shape-bottom\" aria-hidden=\"true\" data-negative=\"false\">\n\t\t\t<svg xmlns=\"http:\/\/www.w3.org\/2000\/svg\" viewBox=\"0 0 2600 131.1\" preserveAspectRatio=\"none\">\n\t<path class=\"elementor-shape-fill\" d=\"M0 0L2600 0 2600 69.1 0 0z\"\/>\n\t<path class=\"elementor-shape-fill\" style=\"opacity:0.5\" d=\"M0 0L2600 0 2600 69.1 0 69.1z\"\/>\n\t<path class=\"elementor-shape-fill\" style=\"opacity:0.25\" d=\"M2600 0L0 0 0 130.1 2600 69.1z\"\/>\n<\/svg>\t\t<\/div>\n\t\t\t\t\t<div class=\"elementor-container elementor-column-gap-default\">\n\t\t\t\t\t<div class=\"elementor-column elementor-col-100 elementor-top-column elementor-element elementor-element-08d4a6d\" data-id=\"08d4a6d\" data-element_type=\"column\">\n\t\t\t<div class=\"elementor-widget-wrap elementor-element-populated\">\n\t\t\t\t\t\t<div class=\"elementor-element elementor-element-4aaef0a elementor-widget elementor-widget-heading\" data-id=\"4aaef0a\" data-element_type=\"widget\" data-widget_type=\"heading.default\">\n\t\t\t\t<div class=\"elementor-widget-container\">\n\t\t\t\t\t<h2 class=\"elementor-heading-title elementor-size-default\">Politique de confidentialit\u00e9<\/h2>\t\t\t\t<\/div>\n\t\t\t\t<\/div>\n\t\t\t\t<div class=\"elementor-element elementor-element-fbc4177 elementor-widget-divider--view-line elementor-widget elementor-widget-divider\" data-id=\"fbc4177\" data-element_type=\"widget\" data-widget_type=\"divider.default\">\n\t\t\t\t<div class=\"elementor-widget-container\">\n\t\t\t\t\t\t\t<div class=\"elementor-divider\">\n\t\t\t<span class=\"elementor-divider-separator\">\n\t\t\t\t\t\t<\/span>\n\t\t<\/div>\n\t\t\t\t\t\t<\/div>\n\t\t\t\t<\/div>\n\t\t\t\t\t<\/div>\n\t\t<\/div>\n\t\t\t\t\t<\/div>\n\t\t<\/section>\n\t\t\t\t<section class=\"elementor-section elementor-top-section elementor-element elementor-element-45bf894 elementor-section-boxed elementor-section-height-default elementor-section-height-default wpr-particle-no wpr-jarallax-no wpr-parallax-no wpr-sticky-section-no\" data-id=\"45bf894\" data-element_type=\"section\">\n\t\t\t\t\t\t<div class=\"elementor-container elementor-column-gap-default\">\n\t\t\t\t\t<div class=\"elementor-column elementor-col-100 elementor-top-column elementor-element elementor-element-bdff36d\" data-id=\"bdff36d\" data-element_type=\"column\">\n\t\t\t<div class=\"elementor-widget-wrap elementor-element-populated\">\n\t\t\t\t\t\t<div class=\"elementor-element elementor-element-6a54169 elementor-widget elementor-widget-text-editor\" data-id=\"6a54169\" data-element_type=\"widget\" data-widget_type=\"text-editor.default\">\n\t\t\t\t<div class=\"elementor-widget-container\">\n\t\t\t\t\t\t\t\t\t<section id=\"zr6UpY\" class=\"block\" data-v-e8cefd05=\"\"><div class=\"block-layout block-layout--layout\" data-v-e8cefd05=\"\"><div class=\"layout-element layout-element--layout layout-element transition transition--slide\" data-v-9ddc5313=\"\" data-animation-state=\"active\"><div id=\"zrxROb\" class=\"text-box layout-element__component layout-element__component--GridTextBox\" data-v-9ddc5313=\"\" data-qa=\"gridtextbox:zrxrob\"><h5 dir=\"auto\"><strong>1. Introduction<\/strong><\/h5><h5 dir=\"auto\">EECOOL SERVICES s\u2019engage \u00e0 prot\u00e9ger la vie priv\u00e9e de ses utilisateurs. Cette politique de confidentialit\u00e9 vise \u00e0 vous informer sur la mani\u00e8re dont nous collectons, utilisons, divulguons et prot\u00e9geons les informations que vous nous fournissez lors de l\u2019utilisation de notre site web www.chaville-domiciliation.com.<\/h5><p class=\"body\" dir=\"auto\"><strong>2. Collecte des informations<\/strong>\u00a0Nous collectons des informations lorsque vous remplissez le formulaire de contact.<\/p><p class=\"body\" dir=\"auto\">Les informations collect\u00e9es incluent votre nom, pr\u00e9nom, adresse e-mail, num\u00e9ro de t\u00e9l\u00e9phone, et lorsque n\u00e9cessaire, votre adresse postale.<\/p><p class=\"body\" dir=\"auto\"><strong>3. Utilisation des informations<\/strong>\u00a0Toutes les informations que nous collectons peuvent \u00eatre utilis\u00e9es pour :<\/p><ul dir=\"auto\"><li><p class=\"body\" dir=\"auto\">Personnaliser votre exp\u00e9rience et r\u00e9pondre \u00e0 vos besoins individuels;<\/p><\/li><li><p class=\"body\" dir=\"auto\">Fournir un contenu publicitaire personnalis\u00e9;<\/p><\/li><li><p class=\"body\" dir=\"auto\">Am\u00e9liorer notre site web;<\/p><\/li><li><p class=\"body\" dir=\"auto\">Am\u00e9liorer le service client et vos besoins de prise en charge;<\/p><\/li><li><p class=\"body\" dir=\"auto\">Vous contacter par e-mail;<\/p><\/li><li><p class=\"body\" dir=\"auto\">Administrer une promotion, ou un enqu\u00eate.<\/p><\/li><\/ul><p class=\"body\" dir=\"auto\"><strong>4. Confidentialit\u00e9 du commerce en ligne<\/strong>\u00a0Nous sommes les seuls propri\u00e9taires des informations recueillies sur ce site. Vos informations personnelles ne seront pas vendues, \u00e9chang\u00e9es, transf\u00e9r\u00e9es, ou donn\u00e9es \u00e0 une autre soci\u00e9t\u00e9 pour n\u2019importe quel raison, sans votre consentement, autre que ce qui est n\u00e9cessaire pour r\u00e9pondre \u00e0 une demande et\/ou une transaction, telle que pour exp\u00e9dier une commande.<\/p><p class=\"body\" dir=\"auto\"><strong>5. Divulgation \u00e0 des tiers<\/strong>\u00a0Nous ne vendons, n\u2019\u00e9changeons et ne transf\u00e9rons pas vos informations personnelles identifiables \u00e0 des tiers. Ceci ne comprend pas les tiers de confiance qui nous aident \u00e0 exploiter notre site web, \u00e0 mener nos affaires, ou \u00e0 vous servir, tant que ces parties conviennent de garder ces informations confidentielles.<\/p><p class=\"body\" dir=\"auto\"><strong>6. Protection des informations<\/strong>\u00a0Nous mettons en \u0153uvre une vari\u00e9t\u00e9 de mesures de s\u00e9curit\u00e9 pour pr\u00e9server la s\u00e9curit\u00e9 de vos informations personnelles. Nous utilisons un cryptage \u00e0 la pointe de la technologie pour prot\u00e9ger les informations sensibles transmises en ligne. Nous prot\u00e9geons \u00e9galement vos informations hors ligne. Seuls les employ\u00e9s qui ont besoin d\u2019effectuer un travail sp\u00e9cifique (par exemple, la facturation ou le service client) ont acc\u00e8s aux informations personnelles identifiables.<\/p><p class=\"body\" dir=\"auto\"><strong>7. Consentement<\/strong>\u00a0En utilisant notre site, vous consentez \u00e0 notre politique de confidentialit\u00e9.<\/p><\/div><\/div><\/div><\/section><section id=\"zSiG-O\" class=\"block block--footer\" data-v-e8cefd05=\"\"><\/section>\t\t\t\t\t\t\t\t<\/div>\n\t\t\t\t<\/div>\n\t\t\t\t\t<\/div>\n\t\t<\/div>\n\t\t\t\t\t<\/div>\n\t\t<\/section>\n\t\t\t\t<\/div>\n\t\t","protected":false},"excerpt":{"rendered":"<p>Politique de confidentialit\u00e9 1. Introduction EECOOL SERVICES s\u2019engage \u00e0 prot\u00e9ger la vie priv\u00e9e de ses utilisateurs. Cette politique de confidentialit\u00e9 vise \u00e0 vous informer sur la mani\u00e8re dont nous collectons, utilisons, divulguons et prot\u00e9geons les informations que vous nous fournissez lors de l\u2019utilisation de notre site web www.chaville-domiciliation.com. 2. Collecte des informations\u00a0Nous collectons des informations lorsque vous remplissez le formulaire de contact. Les informations collect\u00e9es incluent votre nom, pr\u00e9nom, adresse e-mail, num\u00e9ro de t\u00e9l\u00e9phone, et lorsque n\u00e9cessaire, votre adresse postale. 3. Utilisation des informations\u00a0Toutes les informations que nous collectons peuvent \u00eatre utilis\u00e9es pour : Personnaliser votre exp\u00e9rience et r\u00e9pondre \u00e0 vos besoins individuels; Fournir un contenu publicitaire personnalis\u00e9; Am\u00e9liorer notre site web; Am\u00e9liorer le service client et vos besoins de prise en charge; Vous contacter par e-mail; Administrer une promotion, ou un enqu\u00eate. 4. Confidentialit\u00e9 du commerce en ligne\u00a0Nous sommes les seuls propri\u00e9taires des informations recueillies sur ce site. Vos informations personnelles ne seront pas vendues, \u00e9chang\u00e9es, transf\u00e9r\u00e9es, ou donn\u00e9es \u00e0 une autre soci\u00e9t\u00e9 pour n\u2019importe quel raison, sans votre consentement, autre que ce qui est n\u00e9cessaire pour r\u00e9pondre \u00e0 une demande et\/ou une transaction, telle que pour exp\u00e9dier une commande. 5. Divulgation \u00e0 des tiers\u00a0Nous ne vendons, n\u2019\u00e9changeons et ne transf\u00e9rons pas vos informations personnelles identifiables \u00e0 des tiers. Ceci ne comprend pas les tiers de confiance qui nous aident \u00e0 exploiter notre site web, \u00e0 mener nos affaires, ou \u00e0 vous servir, tant que ces parties conviennent de garder ces informations confidentielles. 6. Protection des informations\u00a0Nous mettons en \u0153uvre une vari\u00e9t\u00e9 de mesures de s\u00e9curit\u00e9 pour pr\u00e9server la s\u00e9curit\u00e9 de vos informations personnelles. Nous utilisons un cryptage \u00e0 la pointe de la technologie pour prot\u00e9ger les informations sensibles transmises en ligne. Nous prot\u00e9geons \u00e9galement vos informations hors ligne. Seuls les employ\u00e9s qui ont besoin d\u2019effectuer un travail sp\u00e9cifique (par exemple, la facturation ou le service client) ont acc\u00e8s aux informations personnelles identifiables. 7. Consentement\u00a0En utilisant notre site, vous consentez \u00e0 notre politique de confidentialit\u00e9.<\/p>\n","protected":false},"author":1,"featured_media":0,"parent":0,"menu_order":0,"comment_status":"closed","ping_status":"closed","template":"elementor_canvas","meta":{"two_page_speed":{"previous_score":{"status":"error_no_score"}},"footnotes":""},"class_list":["post-1778","page","type-page","status-publish","hentry"],"yoast_head":"<!-- This site is optimized with the Yoast SEO plugin v26.4 - https:\/\/yoast.com\/wordpress\/plugins\/seo\/ -->\n<title>Politique de confidentialit\u00e9 - soci\u00e9t\u00e9 de domiciliation<\/title>\n<meta name=\"robots\" content=\"index, follow, max-snippet:-1, max-image-preview:large, max-video-preview:-1\" \/>\n<link rel=\"canonical\" href=\"https:\/\/chaville-domiciliation.com\/societe-de-domiciliation\/faq-copy\/\" \/>\n<meta property=\"og:locale\" content=\"fr_FR\" \/>\n<meta property=\"og:type\" content=\"article\" \/>\n<meta property=\"og:title\" content=\"Politique de confidentialit\u00e9 - soci\u00e9t\u00e9 de domiciliation\" \/>\n<meta property=\"og:description\" content=\"Politique de confidentialit\u00e9 1. Introduction EECOOL SERVICES s\u2019engage \u00e0 prot\u00e9ger la vie priv\u00e9e de ses utilisateurs. Cette politique de confidentialit\u00e9 vise \u00e0 vous informer sur la mani\u00e8re dont nous collectons, utilisons, divulguons et prot\u00e9geons les informations que vous nous fournissez lors de l\u2019utilisation de notre site web www.chaville-domiciliation.com. 2. Collecte des informations\u00a0Nous collectons des informations lorsque vous remplissez le formulaire de contact. Les informations collect\u00e9es incluent votre nom, pr\u00e9nom, adresse e-mail, num\u00e9ro de t\u00e9l\u00e9phone, et lorsque n\u00e9cessaire, votre adresse postale. 3. Utilisation des informations\u00a0Toutes les informations que nous collectons peuvent \u00eatre utilis\u00e9es pour : Personnaliser votre exp\u00e9rience et r\u00e9pondre \u00e0 vos besoins individuels; Fournir un contenu publicitaire personnalis\u00e9; Am\u00e9liorer notre site web; Am\u00e9liorer le service client et vos besoins de prise en charge; Vous contacter par e-mail; Administrer une promotion, ou un enqu\u00eate. 4. Confidentialit\u00e9 du commerce en ligne\u00a0Nous sommes les seuls propri\u00e9taires des informations recueillies sur ce site. Vos informations personnelles ne seront pas vendues, \u00e9chang\u00e9es, transf\u00e9r\u00e9es, ou donn\u00e9es \u00e0 une autre soci\u00e9t\u00e9 pour n\u2019importe quel raison, sans votre consentement, autre que ce qui est n\u00e9cessaire pour r\u00e9pondre \u00e0 une demande et\/ou une transaction, telle que pour exp\u00e9dier une commande. 5. Divulgation \u00e0 des tiers\u00a0Nous ne vendons, n\u2019\u00e9changeons et ne transf\u00e9rons pas vos informations personnelles identifiables \u00e0 des tiers. Ceci ne comprend pas les tiers de confiance qui nous aident \u00e0 exploiter notre site web, \u00e0 mener nos affaires, ou \u00e0 vous servir, tant que ces parties conviennent de garder ces informations confidentielles. 6. Protection des informations\u00a0Nous mettons en \u0153uvre une vari\u00e9t\u00e9 de mesures de s\u00e9curit\u00e9 pour pr\u00e9server la s\u00e9curit\u00e9 de vos informations personnelles. Nous utilisons un cryptage \u00e0 la pointe de la technologie pour prot\u00e9ger les informations sensibles transmises en ligne. Nous prot\u00e9geons \u00e9galement vos informations hors ligne. Seuls les employ\u00e9s qui ont besoin d\u2019effectuer un travail sp\u00e9cifique (par exemple, la facturation ou le service client) ont acc\u00e8s aux informations personnelles identifiables. 7. Consentement\u00a0En utilisant notre site, vous consentez \u00e0 notre politique de confidentialit\u00e9.\" \/>\n<meta property=\"og:url\" content=\"https:\/\/chaville-domiciliation.com\/societe-de-domiciliation\/faq-copy\/\" \/>\n<meta property=\"og:site_name\" content=\"soci\u00e9t\u00e9 de domiciliation\" \/>\n<meta property=\"article:publisher\" content=\"https:\/\/web.facebook.com\/profile.php?id=61560670781796&amp;locale=fr_FR\" \/>\n<meta property=\"article:modified_time\" content=\"2024-12-23T14:53:03+00:00\" \/>\n<meta name=\"twitter:card\" content=\"summary_large_image\" \/>\n<meta name=\"twitter:label1\" content=\"Dur\u00e9e de lecture est.\" \/>\n\t<meta name=\"twitter:data1\" content=\"2 minutes\" \/>\n<script type=\"application\/ld+json\" class=\"yoast-schema-graph\">{\"@context\":\"https:\/\/schema.org\",\"@graph\":[{\"@type\":\"WebPage\",\"@id\":\"https:\/\/chaville-domiciliation.com\/societe-de-domiciliation\/faq-copy\/\",\"url\":\"https:\/\/chaville-domiciliation.com\/societe-de-domiciliation\/faq-copy\/\",\"name\":\"Politique de confidentialit\u00e9 - soci\u00e9t\u00e9 de domiciliation\",\"isPartOf\":{\"@id\":\"https:\/\/chaville-domiciliation.com\/societe-de-domiciliation\/#website\"},\"datePublished\":\"2024-12-23T14:52:04+00:00\",\"dateModified\":\"2024-12-23T14:53:03+00:00\",\"breadcrumb\":{\"@id\":\"https:\/\/chaville-domiciliation.com\/societe-de-domiciliation\/faq-copy\/#breadcrumb\"},\"inLanguage\":\"fr-BE\",\"potentialAction\":[{\"@type\":\"ReadAction\",\"target\":[\"https:\/\/chaville-domiciliation.com\/societe-de-domiciliation\/faq-copy\/\"]}]},{\"@type\":\"BreadcrumbList\",\"@id\":\"https:\/\/chaville-domiciliation.com\/societe-de-domiciliation\/faq-copy\/#breadcrumb\",\"itemListElement\":[{\"@type\":\"ListItem\",\"position\":1,\"name\":\"Accueil\",\"item\":\"https:\/\/chaville-domiciliation.com\/societe-de-domiciliation\/\"},{\"@type\":\"ListItem\",\"position\":2,\"name\":\"Politique de confidentialit\u00e9\"}]},{\"@type\":\"WebSite\",\"@id\":\"https:\/\/chaville-domiciliation.com\/societe-de-domiciliation\/#website\",\"url\":\"https:\/\/chaville-domiciliation.com\/societe-de-domiciliation\/\",\"name\":\"soci\u00e9t\u00e9 de domiciliation\",\"description\":\"soci\u00e9t\u00e9 de domiciliation 92\",\"publisher\":{\"@id\":\"https:\/\/chaville-domiciliation.com\/societe-de-domiciliation\/#organization\"},\"alternateName\":\"soci\u00e9t\u00e9 de domiciliation 92\",\"potentialAction\":[{\"@type\":\"SearchAction\",\"target\":{\"@type\":\"EntryPoint\",\"urlTemplate\":\"https:\/\/chaville-domiciliation.com\/societe-de-domiciliation\/?s={search_term_string}\"},\"query-input\":{\"@type\":\"PropertyValueSpecification\",\"valueRequired\":true,\"valueName\":\"search_term_string\"}}],\"inLanguage\":\"fr-BE\"},{\"@type\":\"Organization\",\"@id\":\"https:\/\/chaville-domiciliation.com\/societe-de-domiciliation\/#organization\",\"name\":\"soci\u00e9t\u00e9 de domiciliation\",\"alternateName\":\"soci\u00e9t\u00e9 de domiciliation\",\"url\":\"https:\/\/chaville-domiciliation.com\/societe-de-domiciliation\/\",\"logo\":{\"@type\":\"ImageObject\",\"inLanguage\":\"fr-BE\",\"@id\":\"https:\/\/chaville-domiciliation.com\/societe-de-domiciliation\/#\/schema\/logo\/image\/\",\"url\":\"https:\/\/chaville-domiciliation.com\/wp-content\/uploads\/2024\/12\/cropped-cropped-cropped-logo_eecool-dJoJ1Vjpo6i6vq3E.png\",\"contentUrl\":\"https:\/\/chaville-domiciliation.com\/wp-content\/uploads\/2024\/12\/cropped-cropped-cropped-logo_eecool-dJoJ1Vjpo6i6vq3E.png\",\"width\":512,\"height\":512,\"caption\":\"soci\u00e9t\u00e9 de domiciliation\"},\"image\":{\"@id\":\"https:\/\/chaville-domiciliation.com\/societe-de-domiciliation\/#\/schema\/logo\/image\/\"},\"sameAs\":[\"https:\/\/web.facebook.com\/profile.php?id=61560670781796&locale=fr_FR\"]}]}<\/script>\n<!-- \/ Yoast SEO plugin. -->","yoast_head_json":{"title":"Politique de confidentialit\u00e9 - soci\u00e9t\u00e9 de domiciliation","robots":{"index":"index","follow":"follow","max-snippet":"max-snippet:-1","max-image-preview":"max-image-preview:large","max-video-preview":"max-video-preview:-1"},"canonical":"https:\/\/chaville-domiciliation.com\/societe-de-domiciliation\/faq-copy\/","og_locale":"fr_FR","og_type":"article","og_title":"Politique de confidentialit\u00e9 - soci\u00e9t\u00e9 de domiciliation","og_description":"Politique de confidentialit\u00e9 1. Introduction EECOOL SERVICES s\u2019engage \u00e0 prot\u00e9ger la vie priv\u00e9e de ses utilisateurs. Cette politique de confidentialit\u00e9 vise \u00e0 vous informer sur la mani\u00e8re dont nous collectons, utilisons, divulguons et prot\u00e9geons les informations que vous nous fournissez lors de l\u2019utilisation de notre site web www.chaville-domiciliation.com. 2. Collecte des informations\u00a0Nous collectons des informations lorsque vous remplissez le formulaire de contact. Les informations collect\u00e9es incluent votre nom, pr\u00e9nom, adresse e-mail, num\u00e9ro de t\u00e9l\u00e9phone, et lorsque n\u00e9cessaire, votre adresse postale. 3. Utilisation des informations\u00a0Toutes les informations que nous collectons peuvent \u00eatre utilis\u00e9es pour : Personnaliser votre exp\u00e9rience et r\u00e9pondre \u00e0 vos besoins individuels; Fournir un contenu publicitaire personnalis\u00e9; Am\u00e9liorer notre site web; Am\u00e9liorer le service client et vos besoins de prise en charge; Vous contacter par e-mail; Administrer une promotion, ou un enqu\u00eate. 4. Confidentialit\u00e9 du commerce en ligne\u00a0Nous sommes les seuls propri\u00e9taires des informations recueillies sur ce site. Vos informations personnelles ne seront pas vendues, \u00e9chang\u00e9es, transf\u00e9r\u00e9es, ou donn\u00e9es \u00e0 une autre soci\u00e9t\u00e9 pour n\u2019importe quel raison, sans votre consentement, autre que ce qui est n\u00e9cessaire pour r\u00e9pondre \u00e0 une demande et\/ou une transaction, telle que pour exp\u00e9dier une commande. 5. Divulgation \u00e0 des tiers\u00a0Nous ne vendons, n\u2019\u00e9changeons et ne transf\u00e9rons pas vos informations personnelles identifiables \u00e0 des tiers. Ceci ne comprend pas les tiers de confiance qui nous aident \u00e0 exploiter notre site web, \u00e0 mener nos affaires, ou \u00e0 vous servir, tant que ces parties conviennent de garder ces informations confidentielles. 6. Protection des informations\u00a0Nous mettons en \u0153uvre une vari\u00e9t\u00e9 de mesures de s\u00e9curit\u00e9 pour pr\u00e9server la s\u00e9curit\u00e9 de vos informations personnelles. Nous utilisons un cryptage \u00e0 la pointe de la technologie pour prot\u00e9ger les informations sensibles transmises en ligne. Nous prot\u00e9geons \u00e9galement vos informations hors ligne. Seuls les employ\u00e9s qui ont besoin d\u2019effectuer un travail sp\u00e9cifique (par exemple, la facturation ou le service client) ont acc\u00e8s aux informations personnelles identifiables. 7. Consentement\u00a0En utilisant notre site, vous consentez \u00e0 notre politique de confidentialit\u00e9.","og_url":"https:\/\/chaville-domiciliation.com\/societe-de-domiciliation\/faq-copy\/","og_site_name":"soci\u00e9t\u00e9 de domiciliation","article_publisher":"https:\/\/web.facebook.com\/profile.php?id=61560670781796&locale=fr_FR","article_modified_time":"2024-12-23T14:53:03+00:00","twitter_card":"summary_large_image","twitter_misc":{"Dur\u00e9e de lecture est.":"2 minutes"},"schema":{"@context":"https:\/\/schema.org","@graph":[{"@type":"WebPage","@id":"https:\/\/chaville-domiciliation.com\/societe-de-domiciliation\/faq-copy\/","url":"https:\/\/chaville-domiciliation.com\/societe-de-domiciliation\/faq-copy\/","name":"Politique de confidentialit\u00e9 - soci\u00e9t\u00e9 de domiciliation","isPartOf":{"@id":"https:\/\/chaville-domiciliation.com\/societe-de-domiciliation\/#website"},"datePublished":"2024-12-23T14:52:04+00:00","dateModified":"2024-12-23T14:53:03+00:00","breadcrumb":{"@id":"https:\/\/chaville-domiciliation.com\/societe-de-domiciliation\/faq-copy\/#breadcrumb"},"inLanguage":"fr-BE","potentialAction":[{"@type":"ReadAction","target":["https:\/\/chaville-domiciliation.com\/societe-de-domiciliation\/faq-copy\/"]}]},{"@type":"BreadcrumbList","@id":"https:\/\/chaville-domiciliation.com\/societe-de-domiciliation\/faq-copy\/#breadcrumb","itemListElement":[{"@type":"ListItem","position":1,"name":"Accueil","item":"https:\/\/chaville-domiciliation.com\/societe-de-domiciliation\/"},{"@type":"ListItem","position":2,"name":"Politique de confidentialit\u00e9"}]},{"@type":"WebSite","@id":"https:\/\/chaville-domiciliation.com\/societe-de-domiciliation\/#website","url":"https:\/\/chaville-domiciliation.com\/societe-de-domiciliation\/","name":"soci\u00e9t\u00e9 de domiciliation","description":"soci\u00e9t\u00e9 de domiciliation 92","publisher":{"@id":"https:\/\/chaville-domiciliation.com\/societe-de-domiciliation\/#organization"},"alternateName":"soci\u00e9t\u00e9 de domiciliation 92","potentialAction":[{"@type":"SearchAction","target":{"@type":"EntryPoint","urlTemplate":"https:\/\/chaville-domiciliation.com\/societe-de-domiciliation\/?s={search_term_string}"},"query-input":{"@type":"PropertyValueSpecification","valueRequired":true,"valueName":"search_term_string"}}],"inLanguage":"fr-BE"},{"@type":"Organization","@id":"https:\/\/chaville-domiciliation.com\/societe-de-domiciliation\/#organization","name":"soci\u00e9t\u00e9 de domiciliation","alternateName":"soci\u00e9t\u00e9 de domiciliation","url":"https:\/\/chaville-domiciliation.com\/societe-de-domiciliation\/","logo":{"@type":"ImageObject","inLanguage":"fr-BE","@id":"https:\/\/chaville-domiciliation.com\/societe-de-domiciliation\/#\/schema\/logo\/image\/","url":"https:\/\/chaville-domiciliation.com\/wp-content\/uploads\/2024\/12\/cropped-cropped-cropped-logo_eecool-dJoJ1Vjpo6i6vq3E.png","contentUrl":"https:\/\/chaville-domiciliation.com\/wp-content\/uploads\/2024\/12\/cropped-cropped-cropped-logo_eecool-dJoJ1Vjpo6i6vq3E.png","width":512,"height":512,"caption":"soci\u00e9t\u00e9 de domiciliation"},"image":{"@id":"https:\/\/chaville-domiciliation.com\/societe-de-domiciliation\/#\/schema\/logo\/image\/"},"sameAs":["https:\/\/web.facebook.com\/profile.php?id=61560670781796&locale=fr_FR"]}]}},"_hostinger_reach_plugin_has_subscription_block":false,"_hostinger_reach_plugin_is_elementor":false,"_links":{"self":[{"href":"https:\/\/chaville-domiciliation.com\/societe-de-domiciliation\/wp-json\/wp\/v2\/pages\/1778","targetHints":{"allow":["GET"]}}],"collection":[{"href":"https:\/\/chaville-domiciliation.com\/societe-de-domiciliation\/wp-json\/wp\/v2\/pages"}],"about":[{"href":"https:\/\/chaville-domiciliation.com\/societe-de-domiciliation\/wp-json\/wp\/v2\/types\/page"}],"author":[{"embeddable":true,"href":"https:\/\/chaville-domiciliation.com\/societe-de-domiciliation\/wp-json\/wp\/v2\/users\/1"}],"replies":[{"embeddable":true,"href":"https:\/\/chaville-domiciliation.com\/societe-de-domiciliation\/wp-json\/wp\/v2\/comments?post=1778"}],"version-history":[{"count":4,"href":"https:\/\/chaville-domiciliation.com\/societe-de-domiciliation\/wp-json\/wp\/v2\/pages\/1778\/revisions"}],"predecessor-version":[{"id":1782,"href":"https:\/\/chaville-domiciliation.com\/societe-de-domiciliation\/wp-json\/wp\/v2\/pages\/1778\/revisions\/1782"}],"wp:attachment":[{"href":"https:\/\/chaville-domiciliation.com\/societe-de-domiciliation\/wp-json\/wp\/v2\/media?parent=1778"}],"curies":[{"name":"wp","href":"https:\/\/api.w.org\/{rel}","templated":true}]}}