{"id":238,"date":"2022-02-07T10:14:50","date_gmt":"2022-02-07T10:14:50","guid":{"rendered":"https:\/\/demosites.royal-elementor-addons.com\/lawyer-v1\/?page_id=238"},"modified":"2025-11-24T11:43:59","modified_gmt":"2025-11-24T11:43:59","slug":"faq","status":"publish","type":"page","link":"https:\/\/chaville-domiciliation.com\/societe-de-domiciliation\/faq\/","title":{"rendered":"Mention l\u00e9gales"},"content":{"rendered":"\t\t<div data-elementor-type=\"wp-page\" data-elementor-id=\"238\" class=\"elementor elementor-238\">\n\t\t\t\t\t\t<section class=\"elementor-section elementor-top-section elementor-element elementor-element-16bb110 elementor-section-height-min-height elementor-section-boxed elementor-section-height-default elementor-section-items-middle wpr-particle-no wpr-jarallax-no wpr-parallax-no wpr-sticky-section-no\" data-id=\"16bb110\" data-element_type=\"section\" data-settings=\"{&quot;background_background&quot;:&quot;classic&quot;,&quot;shape_divider_bottom&quot;:&quot;opacity-tilt&quot;}\">\n\t\t\t\t\t\t\t<div class=\"elementor-background-overlay\"><\/div>\n\t\t\t\t\t\t<div class=\"elementor-shape elementor-shape-bottom\" aria-hidden=\"true\" data-negative=\"false\">\n\t\t\t<svg xmlns=\"http:\/\/www.w3.org\/2000\/svg\" viewBox=\"0 0 2600 131.1\" preserveAspectRatio=\"none\">\n\t<path class=\"elementor-shape-fill\" d=\"M0 0L2600 0 2600 69.1 0 0z\"\/>\n\t<path class=\"elementor-shape-fill\" style=\"opacity:0.5\" d=\"M0 0L2600 0 2600 69.1 0 69.1z\"\/>\n\t<path class=\"elementor-shape-fill\" style=\"opacity:0.25\" d=\"M2600 0L0 0 0 130.1 2600 69.1z\"\/>\n<\/svg>\t\t<\/div>\n\t\t\t\t\t<div class=\"elementor-container elementor-column-gap-default\">\n\t\t\t\t\t<div class=\"elementor-column elementor-col-100 elementor-top-column elementor-element elementor-element-08d4a6d\" data-id=\"08d4a6d\" data-element_type=\"column\">\n\t\t\t<div class=\"elementor-widget-wrap elementor-element-populated\">\n\t\t\t\t\t\t<div class=\"elementor-element elementor-element-4aaef0a elementor-widget elementor-widget-heading\" data-id=\"4aaef0a\" data-element_type=\"widget\" data-widget_type=\"heading.default\">\n\t\t\t\t<div class=\"elementor-widget-container\">\n\t\t\t\t\t<h2 class=\"elementor-heading-title elementor-size-default\">Mention l\u00e9gales<\/h2>\t\t\t\t<\/div>\n\t\t\t\t<\/div>\n\t\t\t\t<div class=\"elementor-element elementor-element-fbc4177 elementor-widget-divider--view-line elementor-widget elementor-widget-divider\" data-id=\"fbc4177\" data-element_type=\"widget\" data-widget_type=\"divider.default\">\n\t\t\t\t<div class=\"elementor-widget-container\">\n\t\t\t\t\t\t\t<div class=\"elementor-divider\">\n\t\t\t<span class=\"elementor-divider-separator\">\n\t\t\t\t\t\t<\/span>\n\t\t<\/div>\n\t\t\t\t\t\t<\/div>\n\t\t\t\t<\/div>\n\t\t\t\t\t<\/div>\n\t\t<\/div>\n\t\t\t\t\t<\/div>\n\t\t<\/section>\n\t\t\t\t<section class=\"elementor-section elementor-top-section elementor-element elementor-element-45bf894 elementor-section-boxed elementor-section-height-default elementor-section-height-default wpr-particle-no wpr-jarallax-no wpr-parallax-no wpr-sticky-section-no\" data-id=\"45bf894\" data-element_type=\"section\">\n\t\t\t\t\t\t<div class=\"elementor-container elementor-column-gap-default\">\n\t\t\t\t\t<div class=\"elementor-column elementor-col-100 elementor-top-column elementor-element elementor-element-bdff36d\" data-id=\"bdff36d\" data-element_type=\"column\">\n\t\t\t<div class=\"elementor-widget-wrap elementor-element-populated\">\n\t\t\t\t\t\t<div class=\"elementor-element elementor-element-6a54169 elementor-widget elementor-widget-text-editor\" data-id=\"6a54169\" data-element_type=\"widget\" data-widget_type=\"text-editor.default\">\n\t\t\t\t<div class=\"elementor-widget-container\">\n\t\t\t\t\t\t\t\t\t<p class=\"p1\"><span class=\"s1\"><b>\u00c9diteur du site :<\/b> <\/span><\/p><p class=\"p2\"><span class=\"s1\">EECOOL SERVICES, Soci\u00e9t\u00e9 par Actions Simplifi\u00e9e (SAS), situ\u00e9e au 45 RUE DE JOUY, 92370 CHAVILLE, France. T\u00e9l\u00e9phone : 01-89-29-20-50. Email : <a href=\"mailto:contact@chaville-domiciliation.com\"><span class=\"s2\">contact@chaville-domiciliation.com<\/span><\/a>. Immatricul\u00e9e au Registre du Commerce et des Soci\u00e9t\u00e9s sous le num\u00e9ro 983 625 542. La soci\u00e9t\u00e9 n\u2019est pas assujettie \u00e0 la TVA.<\/span><\/p><p class=\"p3\"><span class=\"s1\"><b>Directeur de la publication :<\/b> Madame Majida ZELILEF, en sa qualit\u00e9 de directeur.<\/span><\/p><p class=\"p3\"><span class=\"s1\"><b>H\u00e9bergement du site :<\/b> Le site est h\u00e9berg\u00e9 par Hostinger. Adresse : 61 Lordou Vironos str., 6023 Larnaca, Chypre. Le num\u00e9ro de t\u00e9l\u00e9phone n\u2019est pas disponible.<\/span><\/p><p class=\"p4\"><span class=\"s1\">Les utilisateurs de ce site sont invit\u00e9s \u00e0 contacter EECOOL SERVICES pour toute question ou demande concernant le contenu et les services propos\u00e9s sur le site, via l\u2019adresse email fournie.<\/span><\/p>\t\t\t\t\t\t\t\t<\/div>\n\t\t\t\t<\/div>\n\t\t\t\t\t<\/div>\n\t\t<\/div>\n\t\t\t\t\t<\/div>\n\t\t<\/section>\n\t\t\t\t<\/div>\n\t\t","protected":false},"excerpt":{"rendered":"<p>Mention l\u00e9gales \u00c9diteur du site : EECOOL SERVICES, Soci\u00e9t\u00e9 par Actions Simplifi\u00e9e (SAS), situ\u00e9e au 45 RUE DE JOUY, 92370 CHAVILLE, France. T\u00e9l\u00e9phone : 01-89-29-20-50. Email : contact@chaville-domiciliation.com. Immatricul\u00e9e au Registre du Commerce et des Soci\u00e9t\u00e9s sous le num\u00e9ro 983 625 542. La soci\u00e9t\u00e9 n\u2019est pas assujettie \u00e0 la TVA. Directeur de la publication : Madame Majida ZELILEF, en sa qualit\u00e9 de directeur. H\u00e9bergement du site : Le site est h\u00e9berg\u00e9 par Hostinger. Adresse : 61 Lordou Vironos str., 6023 Larnaca, Chypre. Le num\u00e9ro de t\u00e9l\u00e9phone n\u2019est pas disponible. Les utilisateurs de ce site sont invit\u00e9s \u00e0 contacter EECOOL SERVICES pour toute question ou demande concernant le contenu et les services propos\u00e9s sur le site, via l\u2019adresse email fournie.<\/p>\n","protected":false},"author":1,"featured_media":0,"parent":0,"menu_order":0,"comment_status":"closed","ping_status":"closed","template":"elementor_canvas","meta":{"two_page_speed":{"previous_score":{"desktop_score":99,"desktop_tti":"0.9\u00a0","mobile_score":63,"mobile_tti":"7.0\u00a0","date":"30.01.2025 03:49:44 pm","status":"completed"},"current_score":{"desktop_score":100,"desktop_tti":"0.3\u00a0","mobile_score":91,"mobile_tti":"1.8\u00a0","date":"24.11.2025 11:44:22 am","status":"completed"}},"footnotes":""},"class_list":["post-238","page","type-page","status-publish","hentry"],"yoast_head":"<!-- This site is optimized with the Yoast SEO plugin v26.4 - https:\/\/yoast.com\/wordpress\/plugins\/seo\/ -->\n<title>Mention l\u00e9gales - soci\u00e9t\u00e9 de domiciliation<\/title>\n<meta name=\"robots\" content=\"index, follow, max-snippet:-1, max-image-preview:large, max-video-preview:-1\" \/>\n<link rel=\"canonical\" href=\"https:\/\/chaville-domiciliation.com\/societe-de-domiciliation\/faq\/\" \/>\n<meta property=\"og:locale\" content=\"fr_FR\" \/>\n<meta property=\"og:type\" content=\"article\" \/>\n<meta property=\"og:title\" content=\"Mention l\u00e9gales - soci\u00e9t\u00e9 de domiciliation\" \/>\n<meta property=\"og:description\" content=\"Mention l\u00e9gales \u00c9diteur du site : EECOOL SERVICES, Soci\u00e9t\u00e9 par Actions Simplifi\u00e9e (SAS), situ\u00e9e au 45 RUE DE JOUY, 92370 CHAVILLE, France. T\u00e9l\u00e9phone : 01-89-29-20-50. Email : contact@chaville-domiciliation.com. Immatricul\u00e9e au Registre du Commerce et des Soci\u00e9t\u00e9s sous le num\u00e9ro 983 625 542. La soci\u00e9t\u00e9 n\u2019est pas assujettie \u00e0 la TVA. Directeur de la publication : Madame Majida ZELILEF, en sa qualit\u00e9 de directeur. H\u00e9bergement du site : Le site est h\u00e9berg\u00e9 par Hostinger. Adresse : 61 Lordou Vironos str., 6023 Larnaca, Chypre. Le num\u00e9ro de t\u00e9l\u00e9phone n\u2019est pas disponible. Les utilisateurs de ce site sont invit\u00e9s \u00e0 contacter EECOOL SERVICES pour toute question ou demande concernant le contenu et les services propos\u00e9s sur le site, via l\u2019adresse email fournie.\" \/>\n<meta property=\"og:url\" content=\"https:\/\/chaville-domiciliation.com\/societe-de-domiciliation\/faq\/\" \/>\n<meta property=\"og:site_name\" content=\"soci\u00e9t\u00e9 de domiciliation\" \/>\n<meta property=\"article:publisher\" content=\"https:\/\/web.facebook.com\/profile.php?id=61560670781796&amp;locale=fr_FR\" \/>\n<meta property=\"article:modified_time\" content=\"2025-11-24T11:43:59+00:00\" \/>\n<meta name=\"twitter:card\" content=\"summary_large_image\" \/>\n<meta name=\"twitter:label1\" content=\"Dur\u00e9e de lecture est.\" \/>\n\t<meta name=\"twitter:data1\" content=\"1 minute\" \/>\n<script type=\"application\/ld+json\" class=\"yoast-schema-graph\">{\"@context\":\"https:\/\/schema.org\",\"@graph\":[{\"@type\":\"WebPage\",\"@id\":\"https:\/\/chaville-domiciliation.com\/societe-de-domiciliation\/faq\/\",\"url\":\"https:\/\/chaville-domiciliation.com\/societe-de-domiciliation\/faq\/\",\"name\":\"Mention l\u00e9gales - soci\u00e9t\u00e9 de domiciliation\",\"isPartOf\":{\"@id\":\"https:\/\/chaville-domiciliation.com\/societe-de-domiciliation\/#website\"},\"datePublished\":\"2022-02-07T10:14:50+00:00\",\"dateModified\":\"2025-11-24T11:43:59+00:00\",\"breadcrumb\":{\"@id\":\"https:\/\/chaville-domiciliation.com\/societe-de-domiciliation\/faq\/#breadcrumb\"},\"inLanguage\":\"fr-BE\",\"potentialAction\":[{\"@type\":\"ReadAction\",\"target\":[\"https:\/\/chaville-domiciliation.com\/societe-de-domiciliation\/faq\/\"]}]},{\"@type\":\"BreadcrumbList\",\"@id\":\"https:\/\/chaville-domiciliation.com\/societe-de-domiciliation\/faq\/#breadcrumb\",\"itemListElement\":[{\"@type\":\"ListItem\",\"position\":1,\"name\":\"Accueil\",\"item\":\"https:\/\/chaville-domiciliation.com\/societe-de-domiciliation\/\"},{\"@type\":\"ListItem\",\"position\":2,\"name\":\"Mention l\u00e9gales\"}]},{\"@type\":\"WebSite\",\"@id\":\"https:\/\/chaville-domiciliation.com\/societe-de-domiciliation\/#website\",\"url\":\"https:\/\/chaville-domiciliation.com\/societe-de-domiciliation\/\",\"name\":\"soci\u00e9t\u00e9 de domiciliation\",\"description\":\"soci\u00e9t\u00e9 de domiciliation 92\",\"publisher\":{\"@id\":\"https:\/\/chaville-domiciliation.com\/societe-de-domiciliation\/#organization\"},\"alternateName\":\"soci\u00e9t\u00e9 de domiciliation 92\",\"potentialAction\":[{\"@type\":\"SearchAction\",\"target\":{\"@type\":\"EntryPoint\",\"urlTemplate\":\"https:\/\/chaville-domiciliation.com\/societe-de-domiciliation\/?s={search_term_string}\"},\"query-input\":{\"@type\":\"PropertyValueSpecification\",\"valueRequired\":true,\"valueName\":\"search_term_string\"}}],\"inLanguage\":\"fr-BE\"},{\"@type\":\"Organization\",\"@id\":\"https:\/\/chaville-domiciliation.com\/societe-de-domiciliation\/#organization\",\"name\":\"soci\u00e9t\u00e9 de domiciliation\",\"alternateName\":\"soci\u00e9t\u00e9 de domiciliation\",\"url\":\"https:\/\/chaville-domiciliation.com\/societe-de-domiciliation\/\",\"logo\":{\"@type\":\"ImageObject\",\"inLanguage\":\"fr-BE\",\"@id\":\"https:\/\/chaville-domiciliation.com\/societe-de-domiciliation\/#\/schema\/logo\/image\/\",\"url\":\"https:\/\/chaville-domiciliation.com\/wp-content\/uploads\/2024\/12\/cropped-cropped-cropped-logo_eecool-dJoJ1Vjpo6i6vq3E.png\",\"contentUrl\":\"https:\/\/chaville-domiciliation.com\/wp-content\/uploads\/2024\/12\/cropped-cropped-cropped-logo_eecool-dJoJ1Vjpo6i6vq3E.png\",\"width\":512,\"height\":512,\"caption\":\"soci\u00e9t\u00e9 de domiciliation\"},\"image\":{\"@id\":\"https:\/\/chaville-domiciliation.com\/societe-de-domiciliation\/#\/schema\/logo\/image\/\"},\"sameAs\":[\"https:\/\/web.facebook.com\/profile.php?id=61560670781796&locale=fr_FR\"]}]}<\/script>\n<!-- \/ Yoast SEO plugin. -->","yoast_head_json":{"title":"Mention l\u00e9gales - soci\u00e9t\u00e9 de domiciliation","robots":{"index":"index","follow":"follow","max-snippet":"max-snippet:-1","max-image-preview":"max-image-preview:large","max-video-preview":"max-video-preview:-1"},"canonical":"https:\/\/chaville-domiciliation.com\/societe-de-domiciliation\/faq\/","og_locale":"fr_FR","og_type":"article","og_title":"Mention l\u00e9gales - soci\u00e9t\u00e9 de domiciliation","og_description":"Mention l\u00e9gales \u00c9diteur du site : EECOOL SERVICES, Soci\u00e9t\u00e9 par Actions Simplifi\u00e9e (SAS), situ\u00e9e au 45 RUE DE JOUY, 92370 CHAVILLE, France. T\u00e9l\u00e9phone : 01-89-29-20-50. Email : contact@chaville-domiciliation.com. Immatricul\u00e9e au Registre du Commerce et des Soci\u00e9t\u00e9s sous le num\u00e9ro 983 625 542. La soci\u00e9t\u00e9 n\u2019est pas assujettie \u00e0 la TVA. Directeur de la publication : Madame Majida ZELILEF, en sa qualit\u00e9 de directeur. H\u00e9bergement du site : Le site est h\u00e9berg\u00e9 par Hostinger. Adresse : 61 Lordou Vironos str., 6023 Larnaca, Chypre. Le num\u00e9ro de t\u00e9l\u00e9phone n\u2019est pas disponible. Les utilisateurs de ce site sont invit\u00e9s \u00e0 contacter EECOOL SERVICES pour toute question ou demande concernant le contenu et les services propos\u00e9s sur le site, via l\u2019adresse email fournie.","og_url":"https:\/\/chaville-domiciliation.com\/societe-de-domiciliation\/faq\/","og_site_name":"soci\u00e9t\u00e9 de domiciliation","article_publisher":"https:\/\/web.facebook.com\/profile.php?id=61560670781796&locale=fr_FR","article_modified_time":"2025-11-24T11:43:59+00:00","twitter_card":"summary_large_image","twitter_misc":{"Dur\u00e9e de lecture est.":"1 minute"},"schema":{"@context":"https:\/\/schema.org","@graph":[{"@type":"WebPage","@id":"https:\/\/chaville-domiciliation.com\/societe-de-domiciliation\/faq\/","url":"https:\/\/chaville-domiciliation.com\/societe-de-domiciliation\/faq\/","name":"Mention l\u00e9gales - soci\u00e9t\u00e9 de domiciliation","isPartOf":{"@id":"https:\/\/chaville-domiciliation.com\/societe-de-domiciliation\/#website"},"datePublished":"2022-02-07T10:14:50+00:00","dateModified":"2025-11-24T11:43:59+00:00","breadcrumb":{"@id":"https:\/\/chaville-domiciliation.com\/societe-de-domiciliation\/faq\/#breadcrumb"},"inLanguage":"fr-BE","potentialAction":[{"@type":"ReadAction","target":["https:\/\/chaville-domiciliation.com\/societe-de-domiciliation\/faq\/"]}]},{"@type":"BreadcrumbList","@id":"https:\/\/chaville-domiciliation.com\/societe-de-domiciliation\/faq\/#breadcrumb","itemListElement":[{"@type":"ListItem","position":1,"name":"Accueil","item":"https:\/\/chaville-domiciliation.com\/societe-de-domiciliation\/"},{"@type":"ListItem","position":2,"name":"Mention l\u00e9gales"}]},{"@type":"WebSite","@id":"https:\/\/chaville-domiciliation.com\/societe-de-domiciliation\/#website","url":"https:\/\/chaville-domiciliation.com\/societe-de-domiciliation\/","name":"soci\u00e9t\u00e9 de domiciliation","description":"soci\u00e9t\u00e9 de domiciliation 92","publisher":{"@id":"https:\/\/chaville-domiciliation.com\/societe-de-domiciliation\/#organization"},"alternateName":"soci\u00e9t\u00e9 de domiciliation 92","potentialAction":[{"@type":"SearchAction","target":{"@type":"EntryPoint","urlTemplate":"https:\/\/chaville-domiciliation.com\/societe-de-domiciliation\/?s={search_term_string}"},"query-input":{"@type":"PropertyValueSpecification","valueRequired":true,"valueName":"search_term_string"}}],"inLanguage":"fr-BE"},{"@type":"Organization","@id":"https:\/\/chaville-domiciliation.com\/societe-de-domiciliation\/#organization","name":"soci\u00e9t\u00e9 de domiciliation","alternateName":"soci\u00e9t\u00e9 de domiciliation","url":"https:\/\/chaville-domiciliation.com\/societe-de-domiciliation\/","logo":{"@type":"ImageObject","inLanguage":"fr-BE","@id":"https:\/\/chaville-domiciliation.com\/societe-de-domiciliation\/#\/schema\/logo\/image\/","url":"https:\/\/chaville-domiciliation.com\/wp-content\/uploads\/2024\/12\/cropped-cropped-cropped-logo_eecool-dJoJ1Vjpo6i6vq3E.png","contentUrl":"https:\/\/chaville-domiciliation.com\/wp-content\/uploads\/2024\/12\/cropped-cropped-cropped-logo_eecool-dJoJ1Vjpo6i6vq3E.png","width":512,"height":512,"caption":"soci\u00e9t\u00e9 de domiciliation"},"image":{"@id":"https:\/\/chaville-domiciliation.com\/societe-de-domiciliation\/#\/schema\/logo\/image\/"},"sameAs":["https:\/\/web.facebook.com\/profile.php?id=61560670781796&locale=fr_FR"]}]}},"_hostinger_reach_plugin_has_subscription_block":false,"_hostinger_reach_plugin_is_elementor":false,"_links":{"self":[{"href":"https:\/\/chaville-domiciliation.com\/societe-de-domiciliation\/wp-json\/wp\/v2\/pages\/238","targetHints":{"allow":["GET"]}}],"collection":[{"href":"https:\/\/chaville-domiciliation.com\/societe-de-domiciliation\/wp-json\/wp\/v2\/pages"}],"about":[{"href":"https:\/\/chaville-domiciliation.com\/societe-de-domiciliation\/wp-json\/wp\/v2\/types\/page"}],"author":[{"embeddable":true,"href":"https:\/\/chaville-domiciliation.com\/societe-de-domiciliation\/wp-json\/wp\/v2\/users\/1"}],"replies":[{"embeddable":true,"href":"https:\/\/chaville-domiciliation.com\/societe-de-domiciliation\/wp-json\/wp\/v2\/comments?post=238"}],"version-history":[{"count":5,"href":"https:\/\/chaville-domiciliation.com\/societe-de-domiciliation\/wp-json\/wp\/v2\/pages\/238\/revisions"}],"predecessor-version":[{"id":1790,"href":"https:\/\/chaville-domiciliation.com\/societe-de-domiciliation\/wp-json\/wp\/v2\/pages\/238\/revisions\/1790"}],"wp:attachment":[{"href":"https:\/\/chaville-domiciliation.com\/societe-de-domiciliation\/wp-json\/wp\/v2\/media?parent=238"}],"curies":[{"name":"wp","href":"https:\/\/api.w.org\/{rel}","templated":true}]}}