{"id":243,"date":"2022-02-07T10:15:30","date_gmt":"2022-02-07T10:15:30","guid":{"rendered":"https:\/\/demosites.royal-elementor-addons.com\/lawyer-v1\/?page_id=243"},"modified":"2025-11-19T11:04:35","modified_gmt":"2025-11-19T11:04:35","slug":"entreprise-de-domiciliation","status":"publish","type":"page","link":"https:\/\/chaville-domiciliation.com\/societe-de-domiciliation\/entreprise-de-domiciliation\/","title":{"rendered":"Contact"},"content":{"rendered":"\t\t<div data-elementor-type=\"wp-page\" data-elementor-id=\"243\" class=\"elementor elementor-243\">\n\t\t\t\t\t\t<section class=\"elementor-section elementor-top-section elementor-element elementor-element-11fc127 elementor-section-height-min-height elementor-section-boxed elementor-section-height-default elementor-section-items-middle wpr-particle-no wpr-jarallax-no wpr-parallax-no wpr-sticky-section-no\" data-id=\"11fc127\" data-element_type=\"section\" data-settings=\"{&quot;background_background&quot;:&quot;classic&quot;,&quot;shape_divider_bottom&quot;:&quot;opacity-tilt&quot;}\">\n\t\t\t\t\t\t\t<div class=\"elementor-background-overlay\"><\/div>\n\t\t\t\t\t\t<div class=\"elementor-shape elementor-shape-bottom\" aria-hidden=\"true\" data-negative=\"false\">\n\t\t\t<svg xmlns=\"http:\/\/www.w3.org\/2000\/svg\" viewBox=\"0 0 2600 131.1\" preserveAspectRatio=\"none\">\n\t<path class=\"elementor-shape-fill\" d=\"M0 0L2600 0 2600 69.1 0 0z\"\/>\n\t<path class=\"elementor-shape-fill\" style=\"opacity:0.5\" d=\"M0 0L2600 0 2600 69.1 0 69.1z\"\/>\n\t<path class=\"elementor-shape-fill\" style=\"opacity:0.25\" d=\"M2600 0L0 0 0 130.1 2600 69.1z\"\/>\n<\/svg>\t\t<\/div>\n\t\t\t\t\t<div class=\"elementor-container elementor-column-gap-default\">\n\t\t\t\t\t<div class=\"elementor-column elementor-col-100 elementor-top-column elementor-element elementor-element-4bb2e79\" data-id=\"4bb2e79\" data-element_type=\"column\">\n\t\t\t<div class=\"elementor-widget-wrap elementor-element-populated\">\n\t\t\t\t\t\t<div class=\"elementor-element elementor-element-68cc2a6 elementor-widget elementor-widget-heading\" data-id=\"68cc2a6\" data-element_type=\"widget\" data-widget_type=\"heading.default\">\n\t\t\t\t<div class=\"elementor-widget-container\">\n\t\t\t\t\t<h2 class=\"elementor-heading-title elementor-size-default\">Contact<\/h2>\t\t\t\t<\/div>\n\t\t\t\t<\/div>\n\t\t\t\t<div class=\"elementor-element elementor-element-3f6f083 elementor-widget-divider--view-line elementor-widget elementor-widget-divider\" data-id=\"3f6f083\" data-element_type=\"widget\" data-widget_type=\"divider.default\">\n\t\t\t\t<div class=\"elementor-widget-container\">\n\t\t\t\t\t\t\t<div class=\"elementor-divider\">\n\t\t\t<span class=\"elementor-divider-separator\">\n\t\t\t\t\t\t<\/span>\n\t\t<\/div>\n\t\t\t\t\t\t<\/div>\n\t\t\t\t<\/div>\n\t\t\t\t\t<\/div>\n\t\t<\/div>\n\t\t\t\t\t<\/div>\n\t\t<\/section>\n\t\t\t\t<section class=\"elementor-section elementor-top-section elementor-element elementor-element-6dd2f26 elementor-section-boxed elementor-section-height-default elementor-section-height-default wpr-particle-no wpr-jarallax-no wpr-parallax-no wpr-sticky-section-no\" data-id=\"6dd2f26\" data-element_type=\"section\">\n\t\t\t\t\t\t<div class=\"elementor-container elementor-column-gap-default\">\n\t\t\t\t\t<div class=\"elementor-column elementor-col-100 elementor-top-column elementor-element elementor-element-38e4009\" data-id=\"38e4009\" data-element_type=\"column\" data-settings=\"{&quot;background_background&quot;:&quot;classic&quot;}\">\n\t\t\t<div class=\"elementor-widget-wrap elementor-element-populated\">\n\t\t\t\t\t\t<section class=\"elementor-section elementor-inner-section elementor-element elementor-element-ee29fa0 elementor-section-boxed elementor-section-height-default elementor-section-height-default wpr-particle-no wpr-jarallax-no wpr-parallax-no wpr-sticky-section-no\" data-id=\"ee29fa0\" data-element_type=\"section\">\n\t\t\t\t\t\t<div class=\"elementor-container elementor-column-gap-default\">\n\t\t\t\t\t<div class=\"elementor-column elementor-col-50 elementor-inner-column elementor-element elementor-element-28b981d\" data-id=\"28b981d\" data-element_type=\"column\">\n\t\t\t<div class=\"elementor-widget-wrap elementor-element-populated\">\n\t\t\t\t\t\t<div class=\"elementor-element elementor-element-f80c1d8 elementor-widget elementor-widget-heading\" data-id=\"f80c1d8\" data-element_type=\"widget\" data-widget_type=\"heading.default\">\n\t\t\t\t<div class=\"elementor-widget-container\">\n\t\t\t\t\t<h2 class=\"elementor-heading-title elementor-size-default\">Entreprise de domiciliation Contactez-nous pour plus\nd'informations<\/h2>\t\t\t\t<\/div>\n\t\t\t\t<\/div>\n\t\t\t\t<div class=\"elementor-element elementor-element-806a44f elementor-widget elementor-widget-text-editor\" data-id=\"806a44f\" data-element_type=\"widget\" data-widget_type=\"text-editor.default\">\n\t\t\t\t<div class=\"elementor-widget-container\">\n\t\t\t\t\t\t\t\t\t<p class=\"p1\">Vous avez un projet <span class=\"s1\">?<\/span><\/p><p class=\"p1\">Des questions sur notre centre d\u2019affaires <span class=\"s1\">?<\/span><\/p><p class=\"p1\">Besoin d\u2019une aide ou conseil <span class=\"s1\">?<\/span><\/p><p class=\"p1\">Que vous soyez ind\u00e9pendant, salari\u00e9 ou dirigeant d\u2019une pme, contactez notre \u00e9quipe pour r\u00e9pondre <span class=\"s2\">\u00e0 <\/span>vos<\/p><p class=\"p1\">questions.<\/p>\t\t\t\t\t\t\t\t<\/div>\n\t\t\t\t<\/div>\n\t\t\t\t<div class=\"elementor-element elementor-element-085d745 elementor-icon-list--layout-traditional elementor-list-item-link-full_width elementor-widget elementor-widget-icon-list\" data-id=\"085d745\" data-element_type=\"widget\" data-widget_type=\"icon-list.default\">\n\t\t\t\t<div class=\"elementor-widget-container\">\n\t\t\t\t\t\t\t<ul class=\"elementor-icon-list-items\">\n\t\t\t\t\t\t\t<li class=\"elementor-icon-list-item\">\n\t\t\t\t\t\t\t\t\t\t\t<span class=\"elementor-icon-list-icon\">\n\t\t\t\t\t\t\t<svg aria-hidden=\"true\" class=\"e-font-icon-svg e-fas-address-book\" viewBox=\"0 0 448 512\" xmlns=\"http:\/\/www.w3.org\/2000\/svg\"><path d=\"M436 160c6.6 0 12-5.4 12-12v-40c0-6.6-5.4-12-12-12h-20V48c0-26.5-21.5-48-48-48H48C21.5 0 0 21.5 0 48v416c0 26.5 21.5 48 48 48h320c26.5 0 48-21.5 48-48v-48h20c6.6 0 12-5.4 12-12v-40c0-6.6-5.4-12-12-12h-20v-64h20c6.6 0 12-5.4 12-12v-40c0-6.6-5.4-12-12-12h-20v-64h20zm-228-32c35.3 0 64 28.7 64 64s-28.7 64-64 64-64-28.7-64-64 28.7-64 64-64zm112 236.8c0 10.6-10 19.2-22.4 19.2H118.4C106 384 96 375.4 96 364.8v-19.2c0-31.8 30.1-57.6 67.2-57.6h5c12.3 5.1 25.7 8 39.8 8s27.6-2.9 39.8-8h5c37.1 0 67.2 25.8 67.2 57.6v19.2z\"><\/path><\/svg>\t\t\t\t\t\t<\/span>\n\t\t\t\t\t\t\t\t\t\t<span class=\"elementor-icon-list-text\">Coordonn\u00e9es<\/span>\n\t\t\t\t\t\t\t\t\t<\/li>\n\t\t\t\t\t\t<\/ul>\n\t\t\t\t\t\t<\/div>\n\t\t\t\t<\/div>\n\t\t\t\t<div class=\"elementor-element elementor-element-d1a33f7 elementor-widget elementor-widget-text-editor\" data-id=\"d1a33f7\" data-element_type=\"widget\" data-widget_type=\"text-editor.default\">\n\t\t\t\t<div class=\"elementor-widget-container\">\n\t\t\t\t\t\t\t\t\t<p><span class=\"elementor-icon-list-text\">\u00a0 \u00a0 \u00a0Addresse : 45 Rue de Jouy, 92370 Chaville, France<\/span><\/p><p><span class=\"elementor-icon-list-text\">\u00a0 \u00a0 \u00a0Number : +33 6 11 27 36 31<\/span><\/p><p><span class=\"elementor-icon-list-text\">\u00a0 \u00a0 \u00a0Email : contact@chaville-domciliation.com<\/span><\/p>\t\t\t\t\t\t\t\t<\/div>\n\t\t\t\t<\/div>\n\t\t\t\t\t<\/div>\n\t\t<\/div>\n\t\t\t\t<div class=\"elementor-column elementor-col-50 elementor-inner-column elementor-element elementor-element-f3ac2ab\" data-id=\"f3ac2ab\" data-element_type=\"column\">\n\t\t\t<div class=\"elementor-widget-wrap elementor-element-populated\">\n\t\t\t\t\t\t<div class=\"elementor-element elementor-element-8dce649 wpr-step-type-number_text wpr-step-content-layout-vertical wpr-custom-styles-yes elementor-widget elementor-widget-wpr-form-builder\" data-id=\"8dce649\" data-element_type=\"widget\" data-settings=\"{&quot;success_message&quot;:&quot;Submission successful&quot;,&quot;error_message&quot;:&quot;Submission failed&quot;,&quot;button_width&quot;:{&quot;unit&quot;:&quot;%&quot;,&quot;size&quot;:100,&quot;sizes&quot;:[]},&quot;button_width_laptop&quot;:{&quot;unit&quot;:&quot;px&quot;,&quot;size&quot;:&quot;&quot;,&quot;sizes&quot;:[]},&quot;button_width_tablet&quot;:{&quot;unit&quot;:&quot;px&quot;,&quot;size&quot;:&quot;&quot;,&quot;sizes&quot;:[]},&quot;button_width_mobile&quot;:{&quot;unit&quot;:&quot;px&quot;,&quot;size&quot;:&quot;&quot;,&quot;sizes&quot;:[]},&quot;step_type&quot;:&quot;number_text&quot;,&quot;step_content_layout&quot;:&quot;vertical&quot;}\" data-widget_type=\"wpr-form-builder.default\">\n\t\t\t\t<div class=\"elementor-widget-container\">\n\t\t\t\t\t\t\t<form class=\"wpr-form\" method=\"post\" name=\"New Form\" page=\"Contact\" page_id=\"243\" novalidate>\n\t\t\t<input type=\"hidden\" name=\"post_id\" value=\"243\"\/>\n\t\t\t<input type=\"hidden\" name=\"form_id\" value=\"8dce649\"\/>\n\t\t\t<input type=\"hidden\" name=\"referer_title\" value=\"soci\u00e9t\u00e9 de domiciliation\" \/>\n\n\t\t\t<div class=\"wpr-step-wrap\"><\/div>\n\t\t\t<div class=\"wpr-form-fields-wrap wpr-labels-above\">\n\t\t\t\t\t\t\t\t\t<div class=\"wpr-form-field-type-text wpr-field-group wpr-column wpr-field-group-name elementor-repeater-item-c63ea37\">\n\t\t\t\t\t\t\t\t\t\t\t\t\t\t<label for=\"form-field-name\" class=\"wpr-form-field-label\">\n\t\t\t\t\t\t\t\t\tNom\t\t\t\t\t\t\t\t<\/label>\n\t\t\t\t\t\t\t<input size=\"1 \"type=\"text\" name=\"form_fields[name]\" id=\"form-field-name\" class=\"wpr-form-field  wpr-form-field-textual\">\t\t\t\t\t<\/div>\n\t\t\t\t\t\t\t\t\t<div class=\"wpr-form-field-type-email wpr-field-group wpr-column wpr-field-group-email elementor-repeater-item-17abcab wpr-form-field-required\">\n\t\t\t\t\t\t\t\t\t\t\t\t\t\t<label for=\"form-field-email\" class=\"wpr-form-field-label\">\n\t\t\t\t\t\t\t\t\tEmail\t\t\t\t\t\t\t\t<\/label>\n\t\t\t\t\t\t\t<input size=\"1 \"type=\"email\" name=\"form_fields[email]\" id=\"form-field-email\" class=\"wpr-form-field  wpr-form-field-textual\" required=\"required\" aria-required=\"true\">\t\t\t\t\t<\/div>\n\t\t\t\t\t\t\t\t\t<div class=\"wpr-form-field-type-textarea wpr-field-group wpr-column wpr-field-group-message elementor-repeater-item-1071038\">\n\t\t\t\t\t\t\t\t\t\t\t\t\t\t<label for=\"form-field-message\" class=\"wpr-form-field-label\">\n\t\t\t\t\t\t\t\t\tMessage\t\t\t\t\t\t\t\t<\/label>\n\t\t\t\t\t\t\t<textarea class=\"wpr-form-field-textual wpr-form-field \" name=\"form_fields[message]\" id=\"form-field-message\" rows=\"7\"><\/textarea>\t\t\t\t\t<\/div>\n\t\t\t\t<div class=\"wpr-field-group wpr-stp-btns-wrap wpr-column wpr-form-field-type-submit\" data-actions=\"[&quot;email&quot;]\" data-redirect-url=\"\" data-mailchimp-fields=\"{&quot;email_field&quot;:&quot;&quot;,&quot;first_name_field&quot;:&quot;&quot;,&quot;last_name_field&quot;:&quot;&quot;,&quot;address_field&quot;:&quot;&quot;,&quot;phone_field&quot;:&quot;&quot;,&quot;birthday_field&quot;:&quot;&quot;,&quot;group_id&quot;:&quot;&quot;}\" data-list-id=\"\">\t\t\t<button type=\"submit\" class=\"wpr-button\">\n\t\t\t\t<span >\n\t\t\t\t\t\t\t\t\t\t\t\t\t\t\t\t<span>Envoyer<\/span>\n\t\t\t\t\t\t\t\t\t\t\t\t\t\t<\/span>\t\n\t\t\t\t<div class=\"wpr-double-bounce wpr-loader-hidden\">\n\t\t\t\t\t<div class=\"wpr-child wpr-double-bounce1\"><\/div>\n\t\t\t\t\t<div class=\"wpr-child wpr-double-bounce2\"><\/div>\n\t\t\t\t<\/div>\n\t\t\t<\/button>\n\t\t<\/div>\t\t\t\t\n\t\t\t<\/div>\n\t\t<\/form>\n\t  \t\t\t\t<\/div>\n\t\t\t\t<\/div>\n\t\t\t\t\t<\/div>\n\t\t<\/div>\n\t\t\t\t\t<\/div>\n\t\t<\/section>\n\t\t\t\t\t<\/div>\n\t\t<\/div>\n\t\t\t\t\t<\/div>\n\t\t<\/section>\n\t\t\t\t<section class=\"elementor-section elementor-top-section elementor-element elementor-element-aa7de93 elementor-section-full_width elementor-section-height-default elementor-section-height-default wpr-particle-no wpr-jarallax-no wpr-parallax-no wpr-sticky-section-no\" data-id=\"aa7de93\" data-element_type=\"section\" data-settings=\"{&quot;shape_divider_bottom&quot;:&quot;tilt&quot;}\">\n\t\t\t\t\t<div class=\"elementor-shape elementor-shape-bottom\" aria-hidden=\"true\" data-negative=\"false\">\n\t\t\t<svg xmlns=\"http:\/\/www.w3.org\/2000\/svg\" viewBox=\"0 0 1000 100\" preserveAspectRatio=\"none\">\n\t<path class=\"elementor-shape-fill\" d=\"M0,6V0h1000v100L0,6z\"\/>\n<\/svg>\t\t<\/div>\n\t\t\t\t\t<div class=\"elementor-container elementor-column-gap-no\">\n\t\t\t\t\t<div class=\"elementor-column elementor-col-100 elementor-top-column elementor-element elementor-element-1ef1241\" data-id=\"1ef1241\" data-element_type=\"column\">\n\t\t\t<div class=\"elementor-widget-wrap\">\n\t\t\t\t\t\t\t<\/div>\n\t\t<\/div>\n\t\t\t\t\t<\/div>\n\t\t<\/section>\n\t\t<div class=\"elementor-element elementor-element-f5ee363 e-flex e-con-boxed wpr-particle-no wpr-jarallax-no wpr-parallax-no wpr-sticky-section-no e-con e-parent\" data-id=\"f5ee363\" data-element_type=\"container\">\n\t\t\t\t\t<div class=\"e-con-inner\">\n\t\t\t\t<div class=\"elementor-element elementor-element-2e9db1c elementor-widget elementor-widget-spacer\" data-id=\"2e9db1c\" data-element_type=\"widget\" data-widget_type=\"spacer.default\">\n\t\t\t\t<div class=\"elementor-widget-container\">\n\t\t\t\t\t\t\t<div class=\"elementor-spacer\">\n\t\t\t<div class=\"elementor-spacer-inner\"><\/div>\n\t\t<\/div>\n\t\t\t\t\t\t<\/div>\n\t\t\t\t<\/div>\n\t\t\t\t\t<\/div>\n\t\t\t\t<\/div>\n\t\t\t\t<\/div>\n\t\t","protected":false},"excerpt":{"rendered":"<p>Contact Entreprise de domiciliation Contactez-nous pour plus d&rsquo;informations Vous avez un projet ? Des questions sur notre centre d\u2019affaires ? Besoin d\u2019une aide ou conseil ? Que vous soyez ind\u00e9pendant, salari\u00e9 ou dirigeant d\u2019une pme, contactez notre \u00e9quipe pour r\u00e9pondre \u00e0 vos questions. Coordonn\u00e9es \u00a0 \u00a0 \u00a0Addresse : 45 Rue de Jouy, 92370 Chaville, France \u00a0 \u00a0 \u00a0Number : +33 6 11 27 36 31 \u00a0 \u00a0 \u00a0Email : contact@chaville-domciliation.com Nom Email Message Envoyer<\/p>\n","protected":false},"author":1,"featured_media":0,"parent":0,"menu_order":0,"comment_status":"closed","ping_status":"closed","template":"elementor_canvas","meta":{"two_page_speed":{"previous_score":{"desktop_score":98,"desktop_tti":"1.1\u00a0","mobile_score":61,"mobile_tti":"8.0\u00a0","date":"09.01.2025 11:43:04 am","status":"completed"},"current_score":{"desktop_score":99,"desktop_tti":"0.3\u00a0","mobile_score":98,"mobile_tti":"1.1\u00a0","date":"19.11.2025 11:05:04 am","status":"completed"}},"footnotes":""},"class_list":["post-243","page","type-page","status-publish","hentry"],"yoast_head":"<!-- This site is optimized with the Yoast SEO plugin v26.4 - https:\/\/yoast.com\/wordpress\/plugins\/seo\/ -->\n<title>Contact - soci\u00e9t\u00e9 de domiciliation<\/title>\n<meta name=\"description\" content=\"entreprise de domiciliation domiciliation entreprise domiciliation 92\" \/>\n<meta name=\"robots\" content=\"index, follow, max-snippet:-1, max-image-preview:large, max-video-preview:-1\" \/>\n<link rel=\"canonical\" href=\"https:\/\/chaville-domiciliation.com\/societe-de-domiciliation\/entreprise-de-domiciliation\/\" \/>\n<meta property=\"og:locale\" content=\"fr_FR\" \/>\n<meta property=\"og:type\" content=\"article\" \/>\n<meta property=\"og:title\" content=\"Contact - soci\u00e9t\u00e9 de domiciliation\" \/>\n<meta property=\"og:description\" content=\"entreprise de domiciliation domiciliation entreprise domiciliation 92\" \/>\n<meta property=\"og:url\" content=\"https:\/\/chaville-domiciliation.com\/societe-de-domiciliation\/entreprise-de-domiciliation\/\" \/>\n<meta property=\"og:site_name\" content=\"soci\u00e9t\u00e9 de domiciliation\" \/>\n<meta property=\"article:publisher\" content=\"https:\/\/web.facebook.com\/profile.php?id=61560670781796&amp;locale=fr_FR\" \/>\n<meta property=\"article:modified_time\" content=\"2025-11-19T11:04:35+00:00\" \/>\n<meta name=\"twitter:card\" content=\"summary_large_image\" \/>\n<meta name=\"twitter:label1\" content=\"Dur\u00e9e de lecture est.\" \/>\n\t<meta name=\"twitter:data1\" content=\"1 minute\" \/>\n<script type=\"application\/ld+json\" class=\"yoast-schema-graph\">{\"@context\":\"https:\/\/schema.org\",\"@graph\":[{\"@type\":\"WebPage\",\"@id\":\"https:\/\/chaville-domiciliation.com\/societe-de-domiciliation\/entreprise-de-domiciliation\/\",\"url\":\"https:\/\/chaville-domiciliation.com\/societe-de-domiciliation\/entreprise-de-domiciliation\/\",\"name\":\"Contact - soci\u00e9t\u00e9 de domiciliation\",\"isPartOf\":{\"@id\":\"https:\/\/chaville-domiciliation.com\/societe-de-domiciliation\/#website\"},\"datePublished\":\"2022-02-07T10:15:30+00:00\",\"dateModified\":\"2025-11-19T11:04:35+00:00\",\"description\":\"entreprise de domiciliation domiciliation entreprise domiciliation 92\",\"breadcrumb\":{\"@id\":\"https:\/\/chaville-domiciliation.com\/societe-de-domiciliation\/entreprise-de-domiciliation\/#breadcrumb\"},\"inLanguage\":\"fr-BE\",\"potentialAction\":[{\"@type\":\"ReadAction\",\"target\":[\"https:\/\/chaville-domiciliation.com\/societe-de-domiciliation\/entreprise-de-domiciliation\/\"]}]},{\"@type\":\"BreadcrumbList\",\"@id\":\"https:\/\/chaville-domiciliation.com\/societe-de-domiciliation\/entreprise-de-domiciliation\/#breadcrumb\",\"itemListElement\":[{\"@type\":\"ListItem\",\"position\":1,\"name\":\"Accueil\",\"item\":\"https:\/\/chaville-domiciliation.com\/societe-de-domiciliation\/\"},{\"@type\":\"ListItem\",\"position\":2,\"name\":\"Contact\"}]},{\"@type\":\"WebSite\",\"@id\":\"https:\/\/chaville-domiciliation.com\/societe-de-domiciliation\/#website\",\"url\":\"https:\/\/chaville-domiciliation.com\/societe-de-domiciliation\/\",\"name\":\"soci\u00e9t\u00e9 de domiciliation\",\"description\":\"soci\u00e9t\u00e9 de domiciliation 92\",\"publisher\":{\"@id\":\"https:\/\/chaville-domiciliation.com\/societe-de-domiciliation\/#organization\"},\"alternateName\":\"soci\u00e9t\u00e9 de domiciliation 92\",\"potentialAction\":[{\"@type\":\"SearchAction\",\"target\":{\"@type\":\"EntryPoint\",\"urlTemplate\":\"https:\/\/chaville-domiciliation.com\/societe-de-domiciliation\/?s={search_term_string}\"},\"query-input\":{\"@type\":\"PropertyValueSpecification\",\"valueRequired\":true,\"valueName\":\"search_term_string\"}}],\"inLanguage\":\"fr-BE\"},{\"@type\":\"Organization\",\"@id\":\"https:\/\/chaville-domiciliation.com\/societe-de-domiciliation\/#organization\",\"name\":\"soci\u00e9t\u00e9 de domiciliation\",\"alternateName\":\"soci\u00e9t\u00e9 de domiciliation\",\"url\":\"https:\/\/chaville-domiciliation.com\/societe-de-domiciliation\/\",\"logo\":{\"@type\":\"ImageObject\",\"inLanguage\":\"fr-BE\",\"@id\":\"https:\/\/chaville-domiciliation.com\/societe-de-domiciliation\/#\/schema\/logo\/image\/\",\"url\":\"https:\/\/chaville-domiciliation.com\/wp-content\/uploads\/2024\/12\/cropped-cropped-cropped-logo_eecool-dJoJ1Vjpo6i6vq3E.png\",\"contentUrl\":\"https:\/\/chaville-domiciliation.com\/wp-content\/uploads\/2024\/12\/cropped-cropped-cropped-logo_eecool-dJoJ1Vjpo6i6vq3E.png\",\"width\":512,\"height\":512,\"caption\":\"soci\u00e9t\u00e9 de domiciliation\"},\"image\":{\"@id\":\"https:\/\/chaville-domiciliation.com\/societe-de-domiciliation\/#\/schema\/logo\/image\/\"},\"sameAs\":[\"https:\/\/web.facebook.com\/profile.php?id=61560670781796&locale=fr_FR\"]}]}<\/script>\n<!-- \/ Yoast SEO plugin. -->","yoast_head_json":{"title":"Contact - soci\u00e9t\u00e9 de domiciliation","description":"entreprise de domiciliation domiciliation entreprise domiciliation 92","robots":{"index":"index","follow":"follow","max-snippet":"max-snippet:-1","max-image-preview":"max-image-preview:large","max-video-preview":"max-video-preview:-1"},"canonical":"https:\/\/chaville-domiciliation.com\/societe-de-domiciliation\/entreprise-de-domiciliation\/","og_locale":"fr_FR","og_type":"article","og_title":"Contact - soci\u00e9t\u00e9 de domiciliation","og_description":"entreprise de domiciliation domiciliation entreprise domiciliation 92","og_url":"https:\/\/chaville-domiciliation.com\/societe-de-domiciliation\/entreprise-de-domiciliation\/","og_site_name":"soci\u00e9t\u00e9 de domiciliation","article_publisher":"https:\/\/web.facebook.com\/profile.php?id=61560670781796&locale=fr_FR","article_modified_time":"2025-11-19T11:04:35+00:00","twitter_card":"summary_large_image","twitter_misc":{"Dur\u00e9e de lecture est.":"1 minute"},"schema":{"@context":"https:\/\/schema.org","@graph":[{"@type":"WebPage","@id":"https:\/\/chaville-domiciliation.com\/societe-de-domiciliation\/entreprise-de-domiciliation\/","url":"https:\/\/chaville-domiciliation.com\/societe-de-domiciliation\/entreprise-de-domiciliation\/","name":"Contact - soci\u00e9t\u00e9 de domiciliation","isPartOf":{"@id":"https:\/\/chaville-domiciliation.com\/societe-de-domiciliation\/#website"},"datePublished":"2022-02-07T10:15:30+00:00","dateModified":"2025-11-19T11:04:35+00:00","description":"entreprise de domiciliation domiciliation entreprise domiciliation 92","breadcrumb":{"@id":"https:\/\/chaville-domiciliation.com\/societe-de-domiciliation\/entreprise-de-domiciliation\/#breadcrumb"},"inLanguage":"fr-BE","potentialAction":[{"@type":"ReadAction","target":["https:\/\/chaville-domiciliation.com\/societe-de-domiciliation\/entreprise-de-domiciliation\/"]}]},{"@type":"BreadcrumbList","@id":"https:\/\/chaville-domiciliation.com\/societe-de-domiciliation\/entreprise-de-domiciliation\/#breadcrumb","itemListElement":[{"@type":"ListItem","position":1,"name":"Accueil","item":"https:\/\/chaville-domiciliation.com\/societe-de-domiciliation\/"},{"@type":"ListItem","position":2,"name":"Contact"}]},{"@type":"WebSite","@id":"https:\/\/chaville-domiciliation.com\/societe-de-domiciliation\/#website","url":"https:\/\/chaville-domiciliation.com\/societe-de-domiciliation\/","name":"soci\u00e9t\u00e9 de domiciliation","description":"soci\u00e9t\u00e9 de domiciliation 92","publisher":{"@id":"https:\/\/chaville-domiciliation.com\/societe-de-domiciliation\/#organization"},"alternateName":"soci\u00e9t\u00e9 de domiciliation 92","potentialAction":[{"@type":"SearchAction","target":{"@type":"EntryPoint","urlTemplate":"https:\/\/chaville-domiciliation.com\/societe-de-domiciliation\/?s={search_term_string}"},"query-input":{"@type":"PropertyValueSpecification","valueRequired":true,"valueName":"search_term_string"}}],"inLanguage":"fr-BE"},{"@type":"Organization","@id":"https:\/\/chaville-domiciliation.com\/societe-de-domiciliation\/#organization","name":"soci\u00e9t\u00e9 de domiciliation","alternateName":"soci\u00e9t\u00e9 de domiciliation","url":"https:\/\/chaville-domiciliation.com\/societe-de-domiciliation\/","logo":{"@type":"ImageObject","inLanguage":"fr-BE","@id":"https:\/\/chaville-domiciliation.com\/societe-de-domiciliation\/#\/schema\/logo\/image\/","url":"https:\/\/chaville-domiciliation.com\/wp-content\/uploads\/2024\/12\/cropped-cropped-cropped-logo_eecool-dJoJ1Vjpo6i6vq3E.png","contentUrl":"https:\/\/chaville-domiciliation.com\/wp-content\/uploads\/2024\/12\/cropped-cropped-cropped-logo_eecool-dJoJ1Vjpo6i6vq3E.png","width":512,"height":512,"caption":"soci\u00e9t\u00e9 de domiciliation"},"image":{"@id":"https:\/\/chaville-domiciliation.com\/societe-de-domiciliation\/#\/schema\/logo\/image\/"},"sameAs":["https:\/\/web.facebook.com\/profile.php?id=61560670781796&locale=fr_FR"]}]}},"_hostinger_reach_plugin_has_subscription_block":false,"_hostinger_reach_plugin_is_elementor":false,"_links":{"self":[{"href":"https:\/\/chaville-domiciliation.com\/societe-de-domiciliation\/wp-json\/wp\/v2\/pages\/243","targetHints":{"allow":["GET"]}}],"collection":[{"href":"https:\/\/chaville-domiciliation.com\/societe-de-domiciliation\/wp-json\/wp\/v2\/pages"}],"about":[{"href":"https:\/\/chaville-domiciliation.com\/societe-de-domiciliation\/wp-json\/wp\/v2\/types\/page"}],"author":[{"embeddable":true,"href":"https:\/\/chaville-domiciliation.com\/societe-de-domiciliation\/wp-json\/wp\/v2\/users\/1"}],"replies":[{"embeddable":true,"href":"https:\/\/chaville-domiciliation.com\/societe-de-domiciliation\/wp-json\/wp\/v2\/comments?post=243"}],"version-history":[{"count":27,"href":"https:\/\/chaville-domiciliation.com\/societe-de-domiciliation\/wp-json\/wp\/v2\/pages\/243\/revisions"}],"predecessor-version":[{"id":2502,"href":"https:\/\/chaville-domiciliation.com\/societe-de-domiciliation\/wp-json\/wp\/v2\/pages\/243\/revisions\/2502"}],"wp:attachment":[{"href":"https:\/\/chaville-domiciliation.com\/societe-de-domiciliation\/wp-json\/wp\/v2\/media?parent=243"}],"curies":[{"name":"wp","href":"https:\/\/api.w.org\/{rel}","templated":true}]}}